{"id":36087,"date":"2025-09-15T18:00:46","date_gmt":"2025-09-15T23:00:46","guid":{"rendered":"https:\/\/www.realclubdelima.org.pe\/web\/?page_id=36087"},"modified":"2025-09-16T13:50:23","modified_gmt":"2025-09-16T18:50:23","slug":"zona-de-parrilla","status":"publish","type":"page","link":"https:\/\/www.realclubdelima.org.pe\/web\/sede-san-isidro\/zona-de-parrilla\/","title":{"rendered":"Zona de Parrilla"},"content":{"rendered":"\t\t<div data-elementor-type=\"wp-page\" data-elementor-id=\"36087\" class=\"elementor elementor-36087\">\n\t\t\t\t\t\t<section class=\"elementor-section elementor-top-section elementor-element elementor-element-9dcc4df elementor-section-full_width elementor-section-stretched elementor-section-height-default elementor-section-height-default\" data-id=\"9dcc4df\" data-element_type=\"section\" data-settings=\"{&quot;stretch_section&quot;:&quot;section-stretched&quot;,&quot;background_background&quot;:&quot;classic&quot;,&quot;shape_divider_top&quot;:&quot;waves&quot;}\">\n\t\t\t\t\t\t\t<div class=\"elementor-background-overlay\"><\/div>\n\t\t\t\t\t\t<div class=\"elementor-shape elementor-shape-top\" aria-hidden=\"true\" data-negative=\"false\">\n\t\t\t<svg xmlns=\"http:\/\/www.w3.org\/2000\/svg\" viewBox=\"0 0 1000 100\" preserveAspectRatio=\"none\">\n\t<path class=\"elementor-shape-fill\" d=\"M421.9,6.5c22.6-2.5,51.5,0.4,75.5,5.3c23.6,4.9,70.9,23.5,100.5,35.7c75.8,32.2,133.7,44.5,192.6,49.7\n\tc23.6,2.1,48.7,3.5,103.4-2.5c54.7-6,106.2-25.6,106.2-25.6V0H0v30.3c0,0,72,32.6,158.4,30.5c39.2-0.7,92.8-6.7,134-22.4\n\tc21.2-8.1,52.2-18.2,79.7-24.2C399.3,7.9,411.6,7.5,421.9,6.5z\"\/>\n<\/svg>\t\t<\/div>\n\t\t\t\t\t<div class=\"elementor-container elementor-column-gap-default\">\n\t\t\t\t\t<div class=\"elementor-column elementor-col-100 elementor-top-column elementor-element elementor-element-117910d\" data-id=\"117910d\" data-element_type=\"column\" data-settings=\"{&quot;background_background&quot;:&quot;classic&quot;}\">\n\t\t\t<div class=\"elementor-widget-wrap elementor-element-populated\">\n\t\t\t\t\t\t<div class=\"elementor-element elementor-element-d53e9a4 elementor-widget elementor-widget-heading\" data-id=\"d53e9a4\" data-element_type=\"widget\" data-widget_type=\"heading.default\">\n\t\t\t\t<div class=\"elementor-widget-container\">\n\t\t\t\t\t<h4 class=\"elementor-heading-title elementor-size-default\">zona de<br> parrilla<\/h4>\t\t\t\t<\/div>\n\t\t\t\t<\/div>\n\t\t\t\t<div class=\"elementor-element elementor-element-2308581 elementor-widget elementor-widget-heading\" data-id=\"2308581\" data-element_type=\"widget\" data-widget_type=\"heading.default\">\n\t\t\t\t<div class=\"elementor-widget-container\">\n\t\t\t\t\t<h4 class=\"elementor-heading-title elementor-size-default\">ARTE Y CULTURA<\/h4>\t\t\t\t<\/div>\n\t\t\t\t<\/div>\n\t\t\t\t<div class=\"elementor-element elementor-element-6014f2f elementor-widget elementor-widget-heading\" data-id=\"6014f2f\" data-element_type=\"widget\" data-widget_type=\"heading.default\">\n\t\t\t\t<div class=\"elementor-widget-container\">\n\t\t\t\t\t<h4 class=\"elementor-heading-title elementor-size-default\">ARTE Y CULTURA<\/h4>\t\t\t\t<\/div>\n\t\t\t\t<\/div>\n\t\t\t\t<div class=\"elementor-element elementor-element-ca970ba elementor-widget elementor-widget-spacer\" data-id=\"ca970ba\" data-element_type=\"widget\" data-widget_type=\"spacer.default\">\n\t\t\t\t<div class=\"elementor-widget-container\">\n\t\t\t\t\t\t\t<div class=\"elementor-spacer\">\n\t\t\t<div class=\"elementor-spacer-inner\"><\/div>\n\t\t<\/div>\n\t\t\t\t\t\t<\/div>\n\t\t\t\t<\/div>\n\t\t\t\t\t<\/div>\n\t\t<\/div>\n\t\t\t\t\t<\/div>\n\t\t<\/section>\n\t\t\t\t<section class=\"elementor-section elementor-top-section elementor-element elementor-element-995ff21 elementor-section-boxed elementor-section-height-default elementor-section-height-default\" data-id=\"995ff21\" data-element_type=\"section\">\n\t\t\t\t\t\t<div class=\"elementor-container elementor-column-gap-default\">\n\t\t\t\t\t<div class=\"elementor-column elementor-col-100 elementor-top-column elementor-element elementor-element-a975c8b\" data-id=\"a975c8b\" data-element_type=\"column\">\n\t\t\t<div class=\"elementor-widget-wrap elementor-element-populated\">\n\t\t\t\t\t\t<div class=\"elementor-element elementor-element-18ebb12 elementor-widget__width-initial elementor-tabs-view-horizontal elementor-widget elementor-widget-tabs\" data-id=\"18ebb12\" data-element_type=\"widget\" data-widget_type=\"tabs.default\">\n\t\t\t\t<div class=\"elementor-widget-container\">\n\t\t\t\t\t\t\t<div class=\"elementor-tabs\">\n\t\t\t<div class=\"elementor-tabs-wrapper\" role=\"tablist\" >\n\t\t\t\t\t\t\t\t\t<div id=\"elementor-tab-title-2611\" class=\"elementor-tab-title elementor-tab-desktop-title\" aria-selected=\"true\" data-tab=\"1\" role=\"tab\" tabindex=\"0\" aria-controls=\"elementor-tab-content-2611\" aria-expanded=\"false\">Condiciones de reserva <\/div>\n\t\t\t\t\t\t\t\t\t<div id=\"elementor-tab-title-2612\" class=\"elementor-tab-title elementor-tab-desktop-title\" aria-selected=\"false\" data-tab=\"2\" role=\"tab\" tabindex=\"-1\" aria-controls=\"elementor-tab-content-2612\" aria-expanded=\"false\">Reglamento <\/div>\n\t\t\t\t\t\t\t\t\t<div id=\"elementor-tab-title-2613\" class=\"elementor-tab-title elementor-tab-desktop-title\" aria-selected=\"false\" data-tab=\"3\" role=\"tab\" tabindex=\"-1\" aria-controls=\"elementor-tab-content-2613\" aria-expanded=\"false\">Nuevos Horarios<\/div>\n\t\t\t\t\t\t\t<\/div>\n\t\t\t<div class=\"elementor-tabs-content-wrapper\" role=\"tablist\" aria-orientation=\"vertical\">\n\t\t\t\t\t\t\t\t\t<div class=\"elementor-tab-title elementor-tab-mobile-title\" aria-selected=\"true\" data-tab=\"1\" role=\"tab\" tabindex=\"0\" aria-controls=\"elementor-tab-content-2611\" aria-expanded=\"false\">Condiciones de reserva <\/div>\n\t\t\t\t\t<div id=\"elementor-tab-content-2611\" class=\"elementor-tab-content elementor-clearfix\" data-tab=\"1\" role=\"tabpanel\" aria-labelledby=\"elementor-tab-title-2611\" tabindex=\"0\" hidden=\"false\"><ul><li><span style=\"font-size: 12pt;\"><b>Costo:<\/b> 10<span style=\"color: #000000;\">0 soles<\/span><\/span><\/li><li><span style=\"font-size: 12pt;\"><b>Capacidad:<\/b>\u00a0<span style=\"color: #000000;\">20 personas (7 mesas y 20 sillas)<\/span><\/span><\/li><li><span style=\"font-size: 12pt;\"><b>*No incluye utensilios de parrilla , menaje ni carb\u00f3n*<\/b><\/span><\/li><li><span style=\"font-size: 12pt;\"><b>Permitido:<\/b><\/span><ul><li><span style=\"font-size: 12pt; color: #000000;\">Decoraci\u00f3n<\/span><\/li><li><span style=\"font-size: 12pt; color: #000000;\">Peque\u00f1o parlante de mesa (m\u00fasica a bajo volumen).<\/span><\/li><\/ul><\/li><li><span style=\"font-size: 12pt;\"><b>Invitados:<\/b><\/span><ul><li><span style=\"font-size: 12pt; color: #000000;\">4 invitados libres.<\/span><\/li><li><span style=\"font-size: 12pt; color: #000000;\">A partir del 5\u00ba invitado, se cobrar\u00e1 5 soles por persona.<\/span><\/li><li><span style=\"font-size: 12pt; color: #000000;\">*Solo se carga al socio que reserva la zona, no es acumulativo con otros socios*<\/span><\/li><\/ul><\/li><li><span style=\"font-size: 12pt;\"><b>*Restricciones*<\/b><\/span><ul><li><span style=\"font-size: 12pt; color: #000000;\">No parlantes grandes, no shows, no micr\u00f3fonos.<\/span><\/li><li><span style=\"font-size: 12pt; color: #000000;\">Los invitados deben permanecer \u00fanicamente en la zona de parrilla y no pueden utilizar otras instalaciones (juegos, piscina).<\/span><\/li><li><span style=\"font-size: 12pt; color: #000000;\">En caso de incumplimiento, se remitir\u00e1 el parte correspondiente a la Junta Calificadora y de Disciplina.<\/span><\/li><\/ul><\/li><li><span style=\"font-size: 12pt;\"><b>Enviar lista de invitados: (proveedores)<\/b><\/span><ul><li><div><span style=\"font-size: 12pt; color: #000000;\">Al correo:\u00a0atencion.asociados@realclubdelima.org.pe\u00a0(nombres y apellidos hasta un d\u00eda antes).<\/span><\/div><\/li><\/ul><\/li><\/ul><\/div>\n\t\t\t\t\t\t\t\t\t<div class=\"elementor-tab-title elementor-tab-mobile-title\" aria-selected=\"false\" data-tab=\"2\" role=\"tab\" tabindex=\"-1\" aria-controls=\"elementor-tab-content-2612\" aria-expanded=\"false\">Reglamento <\/div>\n\t\t\t\t\t<div id=\"elementor-tab-content-2612\" class=\"elementor-tab-content elementor-clearfix\" data-tab=\"2\" role=\"tabpanel\" aria-labelledby=\"elementor-tab-title-2612\" tabindex=\"0\" hidden=\"hidden\"><div class=\"document-item\"><i class=\"fas fa-file-contract\"><\/i><strong>\u00a0 <\/strong><a class=\"title\" href=\"http:\/\/www.realclubdelima.org.pe\/web\/wp-content\/uploads\/2025\/09\/REGLAMENTO-DE-USO-ZONA-DE-PARRILLA.pdf\" target=\"_blank\" rel=\"noopener\"><strong>REGLAMENTO DE USO &#8211; ZONA DE PARRILLA<\/strong><br \/><\/a><\/div><div>\u00a0<\/div><div><span style=\"font-size: 10pt; color: #29337c;\">Para ver el documento haga click y espere un momento por favor<\/span><\/div><\/div>\n\t\t\t\t\t\t\t\t\t<div class=\"elementor-tab-title elementor-tab-mobile-title\" aria-selected=\"false\" data-tab=\"3\" role=\"tab\" tabindex=\"-1\" aria-controls=\"elementor-tab-content-2613\" aria-expanded=\"false\">Nuevos Horarios<\/div>\n\t\t\t\t\t<div id=\"elementor-tab-content-2613\" class=\"elementor-tab-content elementor-clearfix\" data-tab=\"3\" role=\"tabpanel\" aria-labelledby=\"elementor-tab-title-2613\" tabindex=\"0\" hidden=\"hidden\"><p><img fetchpriority=\"high\" decoding=\"async\" class=\"aligncenter wp-image-36132 size-full\" src=\"http:\/\/www.realclubdelima.org.pe\/web\/wp-content\/uploads\/2025\/09\/WhatsApp-Image-2025-09-16-at-13.01.56.jpeg\" alt=\"\" width=\"1200\" height=\"1200\" srcset=\"https:\/\/www.realclubdelima.org.pe\/web\/wp-content\/uploads\/2025\/09\/WhatsApp-Image-2025-09-16-at-13.01.56.jpeg 1200w, https:\/\/www.realclubdelima.org.pe\/web\/wp-content\/uploads\/2025\/09\/WhatsApp-Image-2025-09-16-at-13.01.56-300x300.jpeg 300w, https:\/\/www.realclubdelima.org.pe\/web\/wp-content\/uploads\/2025\/09\/WhatsApp-Image-2025-09-16-at-13.01.56-1024x1024.jpeg 1024w, https:\/\/www.realclubdelima.org.pe\/web\/wp-content\/uploads\/2025\/09\/WhatsApp-Image-2025-09-16-at-13.01.56-150x150.jpeg 150w, https:\/\/www.realclubdelima.org.pe\/web\/wp-content\/uploads\/2025\/09\/WhatsApp-Image-2025-09-16-at-13.01.56-768x768.jpeg 768w\" sizes=\"(max-width: 1200px) 100vw, 1200px\" \/><\/p><\/div>\n\t\t\t\t\t\t\t<\/div>\n\t\t<\/div>\n\t\t\t\t\t\t<\/div>\n\t\t\t\t<\/div>\n\t\t\t\t\t<\/div>\n\t\t<\/div>\n\t\t\t\t\t<\/div>\n\t\t<\/section>\n\t\t\t\t<\/div>\n\t\t","protected":false},"excerpt":{"rendered":"<p>zona de parrilla ARTE Y CULTURA ARTE Y CULTURA Condiciones de reserva Reglamento Nuevos Horarios Condiciones de reserva Costo: 100 soles Capacidad:\u00a020 personas (7 mesas y 20 sillas) *No incluye utensilios de parrilla , menaje ni carb\u00f3n* Permitido: Decoraci\u00f3n Peque\u00f1o parlante de mesa (m\u00fasica a bajo volumen). Invitados: 4 invitados libres. A partir del 5\u00ba [&hellip;]<\/p>\n","protected":false},"author":1,"featured_media":0,"parent":615,"menu_order":0,"comment_status":"closed","ping_status":"closed","template":"","meta":{"om_disable_all_campaigns":false,"inline_featured_image":false,"_uf_show_specific_survey":0,"_uf_disable_surveys":false,"footnotes":"","_links_to":"","_links_to_target":""},"class_list":["post-36087","page","type-page","status-publish","hentry"],"aioseo_notices":[],"publishpress_future_action":{"enabled":false,"date":"2026-05-15 23:52:26","action":"change-status","newStatus":"draft","terms":[],"taxonomy":"","extraData":[]},"publishpress_future_workflow_manual_trigger":{"enabledWorkflows":[]},"_links":{"self":[{"href":"https:\/\/www.realclubdelima.org.pe\/web\/wp-json\/wp\/v2\/pages\/36087","targetHints":{"allow":["GET"]}}],"collection":[{"href":"https:\/\/www.realclubdelima.org.pe\/web\/wp-json\/wp\/v2\/pages"}],"about":[{"href":"https:\/\/www.realclubdelima.org.pe\/web\/wp-json\/wp\/v2\/types\/page"}],"author":[{"embeddable":true,"href":"https:\/\/www.realclubdelima.org.pe\/web\/wp-json\/wp\/v2\/users\/1"}],"replies":[{"embeddable":true,"href":"https:\/\/www.realclubdelima.org.pe\/web\/wp-json\/wp\/v2\/comments?post=36087"}],"version-history":[{"count":11,"href":"https:\/\/www.realclubdelima.org.pe\/web\/wp-json\/wp\/v2\/pages\/36087\/revisions"}],"predecessor-version":[{"id":36847,"href":"https:\/\/www.realclubdelima.org.pe\/web\/wp-json\/wp\/v2\/pages\/36087\/revisions\/36847"}],"up":[{"embeddable":true,"href":"https:\/\/www.realclubdelima.org.pe\/web\/wp-json\/wp\/v2\/pages\/615"}],"wp:attachment":[{"href":"https:\/\/www.realclubdelima.org.pe\/web\/wp-json\/wp\/v2\/media?parent=36087"}],"curies":[{"name":"wp","href":"https:\/\/api.w.org\/{rel}","templated":true}]}}