{"id":1127,"date":"2023-02-20T22:37:24","date_gmt":"2023-02-20T22:37:24","guid":{"rendered":"https:\/\/www.realclubdelima.org.pe\/web\/?page_id=1127"},"modified":"2023-02-20T22:38:41","modified_gmt":"2023-02-20T22:38:41","slug":"postulante-asociado-juvenil-activo","status":"publish","type":"page","link":"https:\/\/www.realclubdelima.org.pe\/web\/requisitos-documentarios\/postulante-asociado-juvenil-activo\/","title":{"rendered":"Postulante Asociado Juvenil \u2013 Activo"},"content":{"rendered":"\t\t<div data-elementor-type=\"wp-page\" data-elementor-id=\"1127\" class=\"elementor elementor-1127\">\n\t\t\t\t\t\t<section class=\"elementor-section elementor-top-section elementor-element elementor-element-36bd81f elementor-section-boxed elementor-section-height-default elementor-section-height-default\" data-id=\"36bd81f\" data-element_type=\"section\" data-settings=\"{&quot;shape_divider_top&quot;:&quot;waves&quot;}\">\n\t\t\t\t\t<div class=\"elementor-shape elementor-shape-top\" aria-hidden=\"true\" data-negative=\"false\">\n\t\t\t<svg xmlns=\"http:\/\/www.w3.org\/2000\/svg\" viewBox=\"0 0 1000 100\" preserveAspectRatio=\"none\">\n\t<path class=\"elementor-shape-fill\" d=\"M421.9,6.5c22.6-2.5,51.5,0.4,75.5,5.3c23.6,4.9,70.9,23.5,100.5,35.7c75.8,32.2,133.7,44.5,192.6,49.7\n\tc23.6,2.1,48.7,3.5,103.4-2.5c54.7-6,106.2-25.6,106.2-25.6V0H0v30.3c0,0,72,32.6,158.4,30.5c39.2-0.7,92.8-6.7,134-22.4\n\tc21.2-8.1,52.2-18.2,79.7-24.2C399.3,7.9,411.6,7.5,421.9,6.5z\"\/>\n<\/svg>\t\t<\/div>\n\t\t\t\t\t<div class=\"elementor-container elementor-column-gap-default\">\n\t\t\t\t\t<div class=\"elementor-column elementor-col-100 elementor-top-column elementor-element elementor-element-04dc2d8\" data-id=\"04dc2d8\" data-element_type=\"column\">\n\t\t\t<div class=\"elementor-widget-wrap elementor-element-populated\">\n\t\t\t\t\t\t<div class=\"elementor-element elementor-element-5058fac elementor-widget elementor-widget-heading\" data-id=\"5058fac\" data-element_type=\"widget\" data-widget_type=\"heading.default\">\n\t\t\t\t<div class=\"elementor-widget-container\">\n\t\t\t\t\t<h4 class=\"elementor-heading-title elementor-size-default\">Postulante Asociado Juvenil \u2013 Activo<\/h4>\t\t\t\t<\/div>\n\t\t\t\t<\/div>\n\t\t\t\t<div class=\"elementor-element elementor-element-5378cc0 elementor-widget-divider--view-line elementor-widget elementor-widget-divider\" data-id=\"5378cc0\" data-element_type=\"widget\" data-widget_type=\"divider.default\">\n\t\t\t\t<div class=\"elementor-widget-container\">\n\t\t\t\t\t\t\t<div class=\"elementor-divider\">\n\t\t\t<span class=\"elementor-divider-separator\">\n\t\t\t\t\t\t<\/span>\n\t\t<\/div>\n\t\t\t\t\t\t<\/div>\n\t\t\t\t<\/div>\n\t\t\t\t<div class=\"elementor-element elementor-element-e6656fe elementor-widget elementor-widget-text-editor\" data-id=\"e6656fe\" data-element_type=\"widget\" data-widget_type=\"text-editor.default\">\n\t\t\t\t<div class=\"elementor-widget-container\">\n\t\t\t\t\t\t\t\t\t<p><strong>Articulo 19\u00b0.- Admisi\u00f3n Hijos de socios<\/strong><\/p><p>El asociado juvenil podr\u00e1 solicitar su pase a la categor\u00eda de asociado activo, y de ser aprobada abonara como cuota de ingreso un porcentaje de la\u00a0<strong>cuota de ingreso vigente<\/strong>, la que ser\u00e1 determinada de acuerdo a la antig\u00fcedad del padre titular; aplicando los siguientes porcentajes:<\/p><ol><li>Cuarenta por ciento (40%) cuando la antig\u00fcedad sea entre 5 y 10 a\u00f1os.<\/li><li>Treinta por ciento (30%) cuando la antig\u00fcedad sea entre 10 a\u00f1o y un d\u00eda y 15 a\u00f1os.<\/li><li>Veinte por ciento (20%) cuando la antig\u00fcedad sea entre 15 a\u00f1os y un d\u00eda y 20 a\u00f1os.<\/li><li>Diez por ciento (10%) cuando la antig\u00fcedad sea mayor de 20 a\u00f1os.<\/li><\/ol>\t\t\t\t\t\t\t\t<\/div>\n\t\t\t\t<\/div>\n\t\t\t\t<div class=\"elementor-element elementor-element-c3a7838 elementor-widget elementor-widget-accordion\" data-id=\"c3a7838\" data-element_type=\"widget\" data-widget_type=\"accordion.default\">\n\t\t\t\t<div class=\"elementor-widget-container\">\n\t\t\t\t\t\t\t<div class=\"elementor-accordion\">\n\t\t\t\t\t\t\t<div class=\"elementor-accordion-item\">\n\t\t\t\t\t<div id=\"elementor-tab-title-2051\" class=\"elementor-tab-title\" data-tab=\"1\" role=\"button\" aria-controls=\"elementor-tab-content-2051\" aria-expanded=\"false\">\n\t\t\t\t\t\t\t\t\t\t\t\t\t<span class=\"elementor-accordion-icon elementor-accordion-icon-left\" aria-hidden=\"true\">\n\t\t\t\t\t\t\t\t\t\t\t\t\t\t\t<span class=\"elementor-accordion-icon-closed\"><i class=\"fas fa-plus\"><\/i><\/span>\n\t\t\t\t\t\t\t\t<span class=\"elementor-accordion-icon-opened\"><i class=\"fas fa-minus\"><\/i><\/span>\n\t\t\t\t\t\t\t\t\t\t\t\t\t\t<\/span>\n\t\t\t\t\t\t\t\t\t\t\t\t<a class=\"elementor-accordion-title\" tabindex=\"0\">Requisitos<\/a>\n\t\t\t\t\t<\/div>\n\t\t\t\t\t<div id=\"elementor-tab-content-2051\" class=\"elementor-tab-content elementor-clearfix\" data-tab=\"1\" role=\"region\" aria-labelledby=\"elementor-tab-title-2051\"><ul><li>Comprar solicitud de ingreso S\/. 60.00<\/li><li>Adjuntar comprobante de pago por la compra de solicitud.<\/li><li>Copia simple del DNI del postulante<\/li><li>Declaraci\u00f3n jurada de solter\u00eda legalizado en notaria por el postulante de la membres\u00eda que lo presenta.<\/li><li>Informaci\u00f3n confidencial formato adjunto a la solicitud de ingreso el cual deber\u00e1 ser llenado por el asociado titular.<\/li><li>Antecedentes policiales a color.<\/li><li>3 fotos a color tama\u00f1o carn\u00e9 a color.<\/li><li>Pago de S\/. 15.00 por derecho de carn\u00e9.<\/li><li>Constancia de compromiso de pago de derecho de ingreso membres\u00eda por el asociado proponente titular de la membres\u00eda.<\/li><li>Ultima boleta de pago.<\/li><li>Constancia o certificado de trabajo.<\/li><\/ul><p><strong>* Entrega de documentaci\u00f3n f\u00edsica en oficina de atenci\u00f3n al asociado (previa coordinaci\u00f3n al n\u00famero 914295071)<\/strong><\/p><p><strong>* Presentaci\u00f3n de requisitos completa e impresa a color<\/strong><\/p><\/div>\n\t\t\t\t<\/div>\n\t\t\t\t\t\t\t<div class=\"elementor-accordion-item\">\n\t\t\t\t\t<div id=\"elementor-tab-title-2052\" class=\"elementor-tab-title\" data-tab=\"2\" role=\"button\" aria-controls=\"elementor-tab-content-2052\" aria-expanded=\"false\">\n\t\t\t\t\t\t\t\t\t\t\t\t\t<span class=\"elementor-accordion-icon elementor-accordion-icon-left\" aria-hidden=\"true\">\n\t\t\t\t\t\t\t\t\t\t\t\t\t\t\t<span class=\"elementor-accordion-icon-closed\"><i class=\"fas fa-plus\"><\/i><\/span>\n\t\t\t\t\t\t\t\t<span class=\"elementor-accordion-icon-opened\"><i class=\"fas fa-minus\"><\/i><\/span>\n\t\t\t\t\t\t\t\t\t\t\t\t\t\t<\/span>\n\t\t\t\t\t\t\t\t\t\t\t\t<a class=\"elementor-accordion-title\" tabindex=\"0\">Formatos<\/a>\n\t\t\t\t\t<\/div>\n\t\t\t\t\t<div id=\"elementor-tab-content-2052\" class=\"elementor-tab-content elementor-clearfix\" data-tab=\"2\" role=\"region\" aria-labelledby=\"elementor-tab-title-2052\"><ul><li><span style=\"color: #000000;\"><a style=\"color: #000000;\" href=\"http:\/\/www.realclubdelima.org.pe\/informativo\/tramites\/declaracion_jurada_juvenil_ok.pdf\" download=\"declaracion_jurada\">Declaraci\u00f3n Jurada<\/a><\/span><\/li><li><span style=\"color: #000000;\"><a style=\"color: #000000;\" href=\"http:\/\/www.realclubdelima.org.pe\/informativo\/tramites\/informacion_confidencial_juvenil_ok.pdf\" download=\"informacion_confidencial\">Informaci\u00f3n Confidencial<\/a><\/span><\/li><li><span style=\"color: #000000;\"><a style=\"color: #000000;\" href=\"http:\/\/www.realclubdelima.org.pe\/informativo\/tramites\/ficha-solicitud-ingreso1.pdf\" download=\"solicitud-ingreso\">Solicitud de Ingreso<\/a><\/span><\/li><li><span style=\"color: #000000;\"><a style=\"color: #000000;\" href=\"http:\/\/www.realclubdelima.org.pe\/informativo\/tramites\/constancia_compromiso_pago_proponente.pdf\" download=\"solicitud-ingreso\">Constancia de Compromiso \u2013 Proponente<\/a><\/span><\/li><\/ul><\/div>\n\t\t\t\t<\/div>\n\t\t\t\t\t\t\t\t<\/div>\n\t\t\t\t\t\t<\/div>\n\t\t\t\t<\/div>\n\t\t\t\t\t<\/div>\n\t\t<\/div>\n\t\t\t\t\t<\/div>\n\t\t<\/section>\n\t\t\t\t<\/div>\n\t\t","protected":false},"excerpt":{"rendered":"<p>Postulante Asociado Juvenil \u2013 Activo Articulo 19\u00b0.- Admisi\u00f3n Hijos de socios El asociado juvenil podr\u00e1 solicitar su pase a la categor\u00eda de asociado activo, y de ser aprobada abonara como cuota de ingreso un porcentaje de la\u00a0cuota de ingreso vigente, la que ser\u00e1 determinada de acuerdo a la antig\u00fcedad del padre titular; aplicando los siguientes [&hellip;]<\/p>\n","protected":false},"author":1,"featured_media":0,"parent":1046,"menu_order":0,"comment_status":"closed","ping_status":"closed","template":"","meta":{"om_disable_all_campaigns":false,"inline_featured_image":false,"_uf_show_specific_survey":0,"_uf_disable_surveys":false,"footnotes":"","_links_to":"","_links_to_target":""},"class_list":["post-1127","page","type-page","status-publish","hentry"],"aioseo_notices":[],"publishpress_future_action":{"enabled":false,"date":"2026-05-01 05:06:19","action":"change-status","newStatus":"draft","terms":[],"taxonomy":"","extraData":[]},"publishpress_future_workflow_manual_trigger":{"enabledWorkflows":[]},"_links":{"self":[{"href":"https:\/\/www.realclubdelima.org.pe\/web\/wp-json\/wp\/v2\/pages\/1127","targetHints":{"allow":["GET"]}}],"collection":[{"href":"https:\/\/www.realclubdelima.org.pe\/web\/wp-json\/wp\/v2\/pages"}],"about":[{"href":"https:\/\/www.realclubdelima.org.pe\/web\/wp-json\/wp\/v2\/types\/page"}],"author":[{"embeddable":true,"href":"https:\/\/www.realclubdelima.org.pe\/web\/wp-json\/wp\/v2\/users\/1"}],"replies":[{"embeddable":true,"href":"https:\/\/www.realclubdelima.org.pe\/web\/wp-json\/wp\/v2\/comments?post=1127"}],"version-history":[{"count":7,"href":"https:\/\/www.realclubdelima.org.pe\/web\/wp-json\/wp\/v2\/pages\/1127\/revisions"}],"predecessor-version":[{"id":1134,"href":"https:\/\/www.realclubdelima.org.pe\/web\/wp-json\/wp\/v2\/pages\/1127\/revisions\/1134"}],"up":[{"embeddable":true,"href":"https:\/\/www.realclubdelima.org.pe\/web\/wp-json\/wp\/v2\/pages\/1046"}],"wp:attachment":[{"href":"https:\/\/www.realclubdelima.org.pe\/web\/wp-json\/wp\/v2\/media?parent=1127"}],"curies":[{"name":"wp","href":"https:\/\/api.w.org\/{rel}","templated":true}]}}