{"id":1037,"date":"2023-02-20T19:27:58","date_gmt":"2023-02-20T19:27:58","guid":{"rendered":"https:\/\/www.realclubdelima.org.pe\/web\/?page_id=1037"},"modified":"2025-07-15T14:51:10","modified_gmt":"2025-07-15T19:51:10","slug":"requisitos-asociado-diplomatico","status":"publish","type":"page","link":"https:\/\/www.realclubdelima.org.pe\/web\/requisitos-asociado-diplomatico\/","title":{"rendered":"Requisitos asociado diplom\u00e1tico"},"content":{"rendered":"\t\t<div data-elementor-type=\"wp-page\" data-elementor-id=\"1037\" class=\"elementor elementor-1037\">\n\t\t\t\t\t\t<section class=\"elementor-section elementor-top-section elementor-element elementor-element-26caab1 elementor-section-boxed elementor-section-height-default elementor-section-height-default\" data-id=\"26caab1\" data-element_type=\"section\" data-settings=\"{&quot;shape_divider_top&quot;:&quot;waves&quot;}\">\n\t\t\t\t\t<div class=\"elementor-shape elementor-shape-top\" aria-hidden=\"true\" data-negative=\"false\">\n\t\t\t<svg xmlns=\"http:\/\/www.w3.org\/2000\/svg\" viewBox=\"0 0 1000 100\" preserveAspectRatio=\"none\">\n\t<path class=\"elementor-shape-fill\" d=\"M421.9,6.5c22.6-2.5,51.5,0.4,75.5,5.3c23.6,4.9,70.9,23.5,100.5,35.7c75.8,32.2,133.7,44.5,192.6,49.7\n\tc23.6,2.1,48.7,3.5,103.4-2.5c54.7-6,106.2-25.6,106.2-25.6V0H0v30.3c0,0,72,32.6,158.4,30.5c39.2-0.7,92.8-6.7,134-22.4\n\tc21.2-8.1,52.2-18.2,79.7-24.2C399.3,7.9,411.6,7.5,421.9,6.5z\"\/>\n<\/svg>\t\t<\/div>\n\t\t\t\t\t<div class=\"elementor-container elementor-column-gap-default\">\n\t\t\t\t\t<div class=\"elementor-column elementor-col-100 elementor-top-column elementor-element elementor-element-4aecc44\" data-id=\"4aecc44\" data-element_type=\"column\">\n\t\t\t<div class=\"elementor-widget-wrap elementor-element-populated\">\n\t\t\t\t\t\t<div class=\"elementor-element elementor-element-d8da4f6 elementor-widget elementor-widget-heading\" data-id=\"d8da4f6\" data-element_type=\"widget\" data-widget_type=\"heading.default\">\n\t\t\t\t<div class=\"elementor-widget-container\">\n\t\t\t\t\t<h4 class=\"elementor-heading-title elementor-size-default\">Requisitos asociado diplom\u00e1tico<\/h4>\t\t\t\t<\/div>\n\t\t\t\t<\/div>\n\t\t\t\t<div class=\"elementor-element elementor-element-090c153 elementor-widget-divider--view-line elementor-widget elementor-widget-divider\" data-id=\"090c153\" data-element_type=\"widget\" data-widget_type=\"divider.default\">\n\t\t\t\t<div class=\"elementor-widget-container\">\n\t\t\t\t\t\t\t<div class=\"elementor-divider\">\n\t\t\t<span class=\"elementor-divider-separator\">\n\t\t\t\t\t\t<\/span>\n\t\t<\/div>\n\t\t\t\t\t\t<\/div>\n\t\t\t\t<\/div>\n\t\t\t\t<div class=\"elementor-element elementor-element-ddf0fe5 elementor-widget elementor-widget-text-editor\" data-id=\"ddf0fe5\" data-element_type=\"widget\" data-widget_type=\"text-editor.default\">\n\t\t\t\t<div class=\"elementor-widget-container\">\n\t\t\t\t\t\t\t\t\t<p style=\"text-align: justify;\"><span style=\"font-size: 12pt; color: #000000;\">Se parte de uno de los mejores y m\u00e1s exclusivos clubes de Lima, con m\u00e1s de 59 a\u00f1os de vida institucional, promoviendo no solamente el deporte y la cultura, sino tambi\u00e9n los s\u00f3lidos valores humanos y sociales.<\/span><\/p>\t\t\t\t\t\t\t\t<\/div>\n\t\t\t\t<\/div>\n\t\t\t\t<div class=\"elementor-element elementor-element-86c7dca elementor-widget elementor-widget-heading\" data-id=\"86c7dca\" data-element_type=\"widget\" data-widget_type=\"heading.default\">\n\t\t\t\t<div class=\"elementor-widget-container\">\n\t\t\t\t\t<h6 class=\"elementor-heading-title elementor-size-default\">Requisitos:<\/h6>\t\t\t\t<\/div>\n\t\t\t\t<\/div>\n\t\t\t\t<div class=\"elementor-element elementor-element-79b61be elementor-widget elementor-widget-text-editor\" data-id=\"79b61be\" data-element_type=\"widget\" data-widget_type=\"text-editor.default\">\n\t\t\t\t<div class=\"elementor-widget-container\">\n\t\t\t\t\t\t\t\t\t<ul><li>&#8211; Comprar solicitud de Ingreso $100.00 d\u00f3lares (secci\u00f3n caja), monto no reembolsable.<\/li><li>Carta de presentaci\u00f3n de la Embajada donde labora, indicando la funci\u00f3n que desempe\u00f1a y el tiempo que durar\u00e1 su misi\u00f3n en el pa\u00eds, debidamente suscrita por el Embajador o C\u00f3nsul, quien garantizar\u00e1 cualquier obligaci\u00f3n econ\u00f3mica, as\u00ed como la buena conducta del Diplom\u00e1tico presentado y de sus familiares acreditados en el Club. (La firma del Embajador o C\u00f3nsul debe estar acompa\u00f1ado de su acreditaci\u00f3n ante el Gobierno Peruano).<\/li><li>Copia del pasaporte y carnet de extranjer\u00eda (Titular y familiares hijos hasta los 18 a\u00f1os de edad).<\/li><li>3 Fotograf\u00edas a color de cada uno de los integrantes de la familia tama\u00f1o carn\u00e9.<\/li><li>Al ser aprobado su solicitud, deber\u00e1 cancelar 6 meses por adelantado U$ 1,800.00 (titular, c\u00f3nyuge e hijos menores de 18 a\u00f1os). Culminar el sexto mes cancelado deber\u00e1 confirmar su continuidad para cargar los pr\u00f3ximos 6 meses por adelantado.<\/li><li>Al t\u00e9rmino de su condici\u00f3n de asociado Diplom\u00e1tico, se compromete a efectuar la devoluci\u00f3n de los carn\u00e9s que le hayan sido otorgados en la Oficina de Atenci\u00f3n al Asociado del Club.<\/li><li><span style=\"color: #29337c;\"><strong>Tomar conocimiento que el Estatuto en su art\u00edculo 12 inciso b) Establece que esta condici\u00f3n se otorga a miembros del Cuerpo Diplom\u00e1tico acreditados ante el Gobierno del Per\u00fa, durante el tiempo de servicios que dure su misi\u00f3n.<\/strong><\/span><\/li><\/ul>\t\t\t\t\t\t\t\t<\/div>\n\t\t\t\t<\/div>\n\t\t\t\t<div class=\"elementor-element elementor-element-6abd392 elementor-widget elementor-widget-heading\" data-id=\"6abd392\" data-element_type=\"widget\" data-widget_type=\"heading.default\">\n\t\t\t\t<div class=\"elementor-widget-container\">\n\t\t\t\t\t<h6 class=\"elementor-heading-title elementor-size-default\">Sedes:<\/h6>\t\t\t\t<\/div>\n\t\t\t\t<\/div>\n\t\t\t\t<div class=\"elementor-element elementor-element-19124e1 elementor-widget elementor-widget-text-editor\" data-id=\"19124e1\" data-element_type=\"widget\" data-widget_type=\"text-editor.default\">\n\t\t\t\t<div class=\"elementor-widget-container\">\n\t\t\t\t\t\t\t\t\t<p>\u2013 Real Club de Lima, Calle los Casta\u00f1os N\u00b0 505 \u2013 San Isidro.<br \/>\u2013 Sede de Playa Km 92.5 Panamericana Sur \u2013 Asia.<br \/>\u2013 Sede de Campo Km. 39.5 de Carretera Central \u2013 Ricardo Palma<\/p>\t\t\t\t\t\t\t\t<\/div>\n\t\t\t\t<\/div>\n\t\t\t\t<div class=\"elementor-element elementor-element-4abd8a7 elementor-widget elementor-widget-text-editor\" data-id=\"4abd8a7\" data-element_type=\"widget\" data-widget_type=\"text-editor.default\">\n\t\t\t\t<div class=\"elementor-widget-container\">\n\t\t\t\t\t\t\t\t\t<p><span style=\"color: #29337c;\"><span style=\"font-size: 18.6667px; white-space-collapse: preserve;\"><span style=\"font-weight: bolder;\">Horario de atenci\u00f3n:<\/span><\/span><\/span><span style=\"font-weight: bolder;\">\u00a0<\/span><span style=\"font-weight: bolder;\">\u00a0<\/span><\/p><ul style=\"font-size: 17px; background-color: #ffffff;\"><li style=\"font-size: 17px;\"><span style=\"font-size: 18.6667px; white-space-collapse: preserve;\">Lunes a viernes: De<\/span>\u00a009:00 a.m. a 06:00 p.m.<\/li><li style=\"font-size: 17px;\"><span style=\"font-size: 18.6667px; white-space-collapse: preserve;\">S\u00e1bados: De <\/span>09:30 a.m. a 12:00 .m.<\/li><\/ul><p><span style=\"color: #29337c;\"><span style=\"font-size: 18.6667px; white-space-collapse: preserve;\"><span style=\"font-weight: bold;\">Refrigerio:<\/span><\/span><\/span><\/p><ul style=\"font-size: 17px; background-color: #ffffff;\"><li style=\"font-size: 17px;\"><span style=\"font-weight: bold;\">\u00a0<\/span>De 01:00 p.m. a 02:00 p.m.<\/li><\/ul><p><span style=\"font-weight: bold; color: #29337c; font-size: 18.6667px; white-space-collapse: preserve;\">Contacto: <\/span><\/p><ul style=\"font-size: 17px; background-color: #ffffff;\"><li style=\"font-size: 17px;\"><span style=\"font-weight: bold;\"><span style=\"font-size: 14pt;\"><span style=\"white-space-collapse: preserve;\">Correo:<\/span><\/span><\/span>\u00a0<a href=\"mailto:postulantenuevoasociado@realclubdelima.org.pe\">postulantenuevoasociado@realclubdelima.org.pe<\/a><\/li><li style=\"font-size: 17px;\"><span style=\"font-weight: bold;\"><span style=\"font-size: 14pt;\"><span style=\"white-space-collapse: preserve;\">Celular:<\/span><\/span><\/span>\u00a0914 295 071<\/li><\/ul><p><span style=\"font-weight: bolder;\"><span style=\"font-size: 14pt;\"><span style=\"color: #29337c; white-space-collapse: preserve;\">Web:<\/span><\/span><\/span>\u00a0<a href=\"https:\/\/www.realclubdelima.org.pe\/web\/\" target=\"_blank\" rel=\"noopener\">\u00a0<b>www.realclubdelima.org.pe<\/b><\/a><\/p><p><span style=\"font-weight: bolder;\"><span style=\"font-size: 14pt;\"><span style=\"color: #29337c; white-space-collapse: preserve;\">Formatos Descargables : <\/span><\/span><\/span><\/p><p>Para completar su proceso de inscripci\u00f3n, por favor descargue, complete y presente los siguientes documentos .<\/p><ul><li><a href=\"http:\/\/www.realclubdelima.org.pe\/web\/wp-content\/uploads\/2025\/07\/SOLICITUD-DE-INGRESO.pdf\" target=\"_blank\" rel=\"noopener noreferrer\">Solicitud de Ingreso (PDF)<\/a><\/li><li><a href=\"http:\/\/www.realclubdelima.org.pe\/web\/wp-content\/uploads\/2025\/07\/AS-Politica-Confidenc-y-autoriz-Tratamiento-de-Datos-personales.pdf\" target=\"_blank\" rel=\"noopener noreferrer\">Pol\u00edtica de Confidencialidad y Tratamiento de Datos Personales (PDF)<\/a><\/li><\/ul>\t\t\t\t\t\t\t\t<\/div>\n\t\t\t\t<\/div>\n\t\t\t\t\t<\/div>\n\t\t<\/div>\n\t\t\t\t\t<\/div>\n\t\t<\/section>\n\t\t\t\t<\/div>\n\t\t","protected":false},"excerpt":{"rendered":"<p>Requisitos asociado diplom\u00e1tico Se parte de uno de los mejores y m\u00e1s exclusivos clubes de Lima, con m\u00e1s de 59 a\u00f1os de vida institucional, promoviendo no solamente el deporte y la cultura, sino tambi\u00e9n los s\u00f3lidos valores humanos y sociales. Requisitos: &#8211; Comprar solicitud de Ingreso $100.00 d\u00f3lares (secci\u00f3n caja), monto no reembolsable. Carta de [&hellip;]<\/p>\n","protected":false},"author":1,"featured_media":0,"parent":0,"menu_order":0,"comment_status":"closed","ping_status":"closed","template":"","meta":{"om_disable_all_campaigns":false,"inline_featured_image":false,"_uf_show_specific_survey":0,"_uf_disable_surveys":false,"footnotes":"","_links_to":"","_links_to_target":""},"class_list":["post-1037","page","type-page","status-publish","hentry"],"aioseo_notices":[],"publishpress_future_action":{"enabled":false,"date":"2026-05-05 04:57:36","action":"change-status","newStatus":"draft","terms":[],"taxonomy":"","extraData":[]},"publishpress_future_workflow_manual_trigger":{"enabledWorkflows":[]},"_links":{"self":[{"href":"https:\/\/www.realclubdelima.org.pe\/web\/wp-json\/wp\/v2\/pages\/1037","targetHints":{"allow":["GET"]}}],"collection":[{"href":"https:\/\/www.realclubdelima.org.pe\/web\/wp-json\/wp\/v2\/pages"}],"about":[{"href":"https:\/\/www.realclubdelima.org.pe\/web\/wp-json\/wp\/v2\/types\/page"}],"author":[{"embeddable":true,"href":"https:\/\/www.realclubdelima.org.pe\/web\/wp-json\/wp\/v2\/users\/1"}],"replies":[{"embeddable":true,"href":"https:\/\/www.realclubdelima.org.pe\/web\/wp-json\/wp\/v2\/comments?post=1037"}],"version-history":[{"count":28,"href":"https:\/\/www.realclubdelima.org.pe\/web\/wp-json\/wp\/v2\/pages\/1037\/revisions"}],"predecessor-version":[{"id":35658,"href":"https:\/\/www.realclubdelima.org.pe\/web\/wp-json\/wp\/v2\/pages\/1037\/revisions\/35658"}],"wp:attachment":[{"href":"https:\/\/www.realclubdelima.org.pe\/web\/wp-json\/wp\/v2\/media?parent=1037"}],"curies":[{"name":"wp","href":"https:\/\/api.w.org\/{rel}","templated":true}]}}